{"id":491,"date":"2021-07-27T14:43:11","date_gmt":"2021-07-27T13:43:11","guid":{"rendered":"https:\/\/jcruzinf.com\/?page_id=491"},"modified":"2021-08-16T11:49:23","modified_gmt":"2021-08-16T10:49:23","slug":"primavera-starter","status":"publish","type":"page","link":"https:\/\/jcruzinf.com\/index.php\/primavera-starter\/","title":{"rendered":"PRIMAVERA Starter"},"content":{"rendered":"\t\t<div data-elementor-type=\"wp-page\" data-elementor-id=\"491\" class=\"elementor elementor-491\" data-elementor-settings=\"[]\">\n\t\t\t\t\t\t\t<div class=\"elementor-section-wrap\">\n\t\t\t\t\t\t\t<section class=\"elementor-section elementor-top-section elementor-element elementor-element-eecd598 elementor-section-boxed elementor-section-height-default elementor-section-height-default\" data-id=\"eecd598\" data-element_type=\"section\">\n\t\t\t\t\t\t<div class=\"elementor-container elementor-column-gap-default\">\n\t\t\t\t\t<div class=\"elementor-column elementor-col-100 elementor-top-column elementor-element elementor-element-0db1269\" data-id=\"0db1269\" data-element_type=\"column\">\n\t\t\t<div class=\"elementor-widget-wrap elementor-element-populated\">\n\t\t\t\t\t\t\t\t<div class=\"elementor-element elementor-element-221c681 elementor-position-top elementor-vertical-align-top elementor-widget elementor-widget-image-box\" data-id=\"221c681\" data-element_type=\"widget\" data-widget_type=\"image-box.default\">\n\t\t\t\t<div class=\"elementor-widget-container\">\n\t\t\t<div class=\"elementor-image-box-wrapper\"><figure class=\"elementor-image-box-img\"><img width=\"60\" height=\"60\" src=\"https:\/\/jcruzinf.com\/wp-content\/uploads\/2021\/07\/Prim_logo_sarterv9_1072353680560d4aeb7315d.png\" class=\"attachment-full size-full\" alt=\"Logo Primavera Starter\" loading=\"lazy\" \/><\/figure><div class=\"elementor-image-box-content\"><h3 class=\"elementor-image-box-title\">Starter<\/h3><\/div><\/div>\t\t<\/div>\n\t\t\t\t<\/div>\n\t\t\t\t<div class=\"elementor-element elementor-element-7d389d3 elementor-widget elementor-widget-text-editor\" data-id=\"7d389d3\" data-element_type=\"widget\" data-widget_type=\"text-editor.default\">\n\t\t\t\t<div class=\"elementor-widget-container\">\n\t\t\t\t\t\t\t\t<strong>SOFTWARE DE FATURA\u00c7\u00c3O R\u00c1PIDO E SIMPLES PARA PEQUENOS NEG\u00d3CIOS.<\/strong><br>\n\nAcelere as opera\u00e7\u00f5es comerciais e impulsione os resultados das vendas.<br>\n\nCom a solu\u00e7\u00e3o PRIMAVERA Starter agiliza toda a atividade comercial, desde a entrada de artigos em armaz\u00e9m, passando pela gest\u00e3o de Caixa, controle de Contas Correntes, Invent\u00e1rio, at\u00e9 \u00e0 an\u00e1lise de resultados.<br>\n\nD\u00ea o impulso que faltava ao seu neg\u00f3cio. Descubra o software de gest\u00e3o que vai acelerar a sua atividade comercial:\n<ul>\n \t<li>Facilidade de controlo das regras de pre\u00e7os<\/li>\n \t<li>Simplicidade de gest\u00e3o de Caixa e vendedores<\/li>\n \t<li>Agilidade e rigor na gest\u00e3o e Contas Correntes<\/li>\n<\/ul>\nCumprimento de todas as obriga\u00e7\u00f5es legais e fiscais.\n\n<br><br><strong>AGILIDADE NA GEST\u00c3O DE COBRAN\u00c7AS<\/strong><br>\n\nAcelere os recebimentos com os Planos de Fatura\u00e7\u00e3o Autom\u00e1tica.<br>\n\nEmitir faturas para um elevado n\u00famero de clientes em simult\u00e2neo agora \u00e9 simples. Basta selecionar uma lista de documentos a faturar e definir os crit\u00e9rios de recorr\u00eancia e a data de execu\u00e7\u00e3o.<br>\n\nUma ferramenta de emiss\u00e3o maci\u00e7a de faturas, de diversas origens e proveni\u00eancias, permite-lhe ter mais controlo.\n\n<br><br><strong>STARTER EASY, STARTER OU STARTER PLUS<\/strong><br>\n\nAcelere \u00e0 sua velocidade com a configura\u00e7\u00e3o que se adapta a si.<br>\n\nAdaptadas \u00e0 dimens\u00e3o do seu neg\u00f3cio, as solu\u00e7\u00f5es Starter partem de uma configura\u00e7\u00e3o m\u00ednima ligada apenas a vendas (Starter Easy), assentam numa op\u00e7\u00e3o ideal que j\u00e1 inclui Encomendas, Banca e Exporta\u00e7\u00e3o para Contabilidade (Starter), \u00e0 qual se pode acrescer a sec\u00e7\u00e3o de Compras (Starter Plus).\t\t\t\t\t\t<\/div>\n\t\t\t\t<\/div>\n\t\t\t\t\t<\/div>\n\t\t<\/div>\n\t\t\t\t\t\t\t<\/div>\n\t\t<\/section>\n\t\t\t\t<section class=\"elementor-section elementor-top-section elementor-element elementor-element-48cb7e9 elementor-section-boxed elementor-section-height-default elementor-section-height-default\" data-id=\"48cb7e9\" data-element_type=\"section\">\n\t\t\t\t\t\t<div class=\"elementor-container elementor-column-gap-default\">\n\t\t\t\t\t<div class=\"elementor-column elementor-col-100 elementor-top-column elementor-element elementor-element-d50d739\" data-id=\"d50d739\" data-element_type=\"column\">\n\t\t\t<div class=\"elementor-widget-wrap elementor-element-populated\">\n\t\t\t\t\t\t\t\t<div class=\"elementor-element elementor-element-03e7ad3 elementor-widget elementor-widget-html\" data-id=\"03e7ad3\" data-element_type=\"widget\" data-widget_type=\"html.default\">\n\t\t\t\t<div class=\"elementor-widget-container\">\n\t\t\t<a class=\"btn btn-secondary btn-like-icon fadeInUp animated\" href=\"https:\/\/jcruzinf.com\/index.php\/contactos\/\"  >\r\n<h3>Jo\u00e3o Cruz - Inform\u00e1tica<\/h3>\r\n<span>Entre em contacto connosco<\/span>\r\n<span class=\"bticn\">\r\n<i class=\"fa fa-angle-right\"><\/i>\r\n<\/span><\/a>\r\n\r\n\r\n\t\t<\/div>\n\t\t\t\t<\/div>\n\t\t\t\t\t<\/div>\n\t\t<\/div>\n\t\t\t\t\t\t\t<\/div>\n\t\t<\/section>\n\t\t\t\t<section class=\"elementor-section elementor-top-section elementor-element elementor-element-22600ac elementor-section-boxed elementor-section-height-default elementor-section-height-default\" data-id=\"22600ac\" data-element_type=\"section\">\n\t\t\t\t\t\t<div class=\"elementor-container elementor-column-gap-default\">\n\t\t\t\t\t<div class=\"elementor-column elementor-col-100 elementor-top-column elementor-element elementor-element-88abc04\" data-id=\"88abc04\" data-element_type=\"column\">\n\t\t\t<div class=\"elementor-widget-wrap elementor-element-populated\">\n\t\t\t\t\t\t\t\t<div class=\"elementor-element elementor-element-895e2c4 elementor-widget elementor-widget-html\" data-id=\"895e2c4\" data-element_type=\"widget\" data-widget_type=\"html.default\">\n\t\t\t\t<div class=\"elementor-widget-container\">\n\t\t\t<a class=\"btn btn-secondary btn-like-icon fadeInUp animated\" href=\"https:\/\/jcruzinf.com\/index.php\/primavera\/\"><span>Voltar<\/span><span class=\"bticn\"><i class=\"fa fa-angle-right\"><\/i><\/span><\/a>\t\t<\/div>\n\t\t\t\t<\/div>\n\t\t\t\t\t<\/div>\n\t\t<\/div>\n\t\t\t\t\t\t\t<\/div>\n\t\t<\/section>\n\t\t\t\t\t\t<\/div>\n\t\t\t\t\t<\/div>\n\t\t","protected":false},"excerpt":{"rendered":"<p>Starter SOFTWARE DE FATURA\u00c7\u00c3O R\u00c1PIDO E SIMPLES PARA PEQUENOS NEG\u00d3CIOS. Acelere as opera\u00e7\u00f5es comerciais e impulsione os resultados das vendas. Com a solu\u00e7\u00e3o PRIMAVERA Starter agiliza toda a atividade comercial, desde a entrada de artigos em armaz\u00e9m, passando pela gest\u00e3o de Caixa, controle de Contas Correntes, Invent\u00e1rio, at\u00e9 \u00e0 an\u00e1lise de resultados. D\u00ea o impulso [&hellip;]<\/p>\n","protected":false},"author":1,"featured_media":502,"parent":0,"menu_order":0,"comment_status":"closed","ping_status":"closed","template":"","meta":[],"_oembed_76c4da200f5b072db4cde8c98302048e":"","_oembed_9a295ea86b9d001927b9c68db1aaf9f4":"","_oembed_aac748f7d89cae162e856629d67e8352":"","_yoast_wpseo_focuskw":"PRIMAVERA Starter na Jo\u00e3o Cruz \u2013 Inform\u00e1tica.","_yoast_wpseo_linkdex":"49","_yoast_wpseo_metadesc":"","_edit_lock":"1632481333:1","_dont_share_post_linkedin":"","_edit_last":"1","_elementor_data":"[{\"id\":\"eecd598\",\"elType\":\"section\",\"settings\":[],\"elements\":[{\"id\":\"0db1269\",\"elType\":\"column\",\"settings\":{\"_column_size\":100,\"_inline_size\":null},\"elements\":[{\"id\":\"221c681\",\"elType\":\"widget\",\"settings\":{\"image\":{\"url\":\"https:\\\/\\\/jcruzinf.com\\\/wp-content\\\/uploads\\\/2021\\\/07\\\/Prim_logo_sarterv9_1072353680560d4aeb7315d.png\",\"id\":502,\"alt\":\"Logo Primavera Starter\",\"source\":\"library\"},\"title_text\":\"Starter\",\"description_text\":\"\",\"image_size\":{\"unit\":\"%\",\"size\":9,\"sizes\":[]},\"image_border_radius\":{\"unit\":\"px\",\"size\":0,\"sizes\":[]}},\"elements\":[],\"widgetType\":\"image-box\"},{\"id\":\"7d389d3\",\"elType\":\"widget\",\"settings\":{\"editor\":\"<strong>SOFTWARE DE FATURA\\u00c7\\u00c3O R\\u00c1PIDO E SIMPLES PARA PEQUENOS NEG\\u00d3CIOS.<\\\/strong><br>\\n\\nAcelere as opera\\u00e7\\u00f5es comerciais e impulsione os resultados das vendas.<br>\\n\\nCom a solu\\u00e7\\u00e3o PRIMAVERA Starter agiliza toda a atividade comercial, desde a entrada de artigos em armaz\\u00e9m, passando pela gest\\u00e3o de Caixa, controle de Contas Correntes, Invent\\u00e1rio, at\\u00e9 \\u00e0 an\\u00e1lise de resultados.<br>\\n\\nD\\u00ea o impulso que faltava ao seu neg\\u00f3cio. Descubra o software de gest\\u00e3o que vai acelerar a sua atividade comercial:\\n<ul>\\n \\t<li>Facilidade de controlo das regras de pre\\u00e7os<\\\/li>\\n \\t<li>Simplicidade de gest\\u00e3o de Caixa e vendedores<\\\/li>\\n \\t<li>Agilidade e rigor na gest\\u00e3o e Contas Correntes<\\\/li>\\n<\\\/ul>\\nCumprimento de todas as obriga\\u00e7\\u00f5es legais e fiscais.\\n\\n<br><br><strong>AGILIDADE NA GEST\\u00c3O DE COBRAN\\u00c7AS<\\\/strong><br>\\n\\nAcelere os recebimentos com os Planos de Fatura\\u00e7\\u00e3o Autom\\u00e1tica.<br>\\n\\nEmitir faturas para um elevado n\\u00famero de clientes em simult\\u00e2neo agora \\u00e9 simples. Basta selecionar uma lista de documentos a faturar e definir os crit\\u00e9rios de recorr\\u00eancia e a data de execu\\u00e7\\u00e3o.<br>\\n\\nUma ferramenta de emiss\\u00e3o maci\\u00e7a de faturas, de diversas origens e proveni\\u00eancias, permite-lhe ter mais controlo.\\n\\n<br><br><strong>STARTER EASY, STARTER OU STARTER PLUS<\\\/strong><br>\\n\\nAcelere \\u00e0 sua velocidade com a configura\\u00e7\\u00e3o que se adapta a si.<br>\\n\\nAdaptadas \\u00e0 dimens\\u00e3o do seu neg\\u00f3cio, as solu\\u00e7\\u00f5es Starter partem de uma configura\\u00e7\\u00e3o m\\u00ednima ligada apenas a vendas (Starter Easy), assentam numa op\\u00e7\\u00e3o ideal que j\\u00e1 inclui Encomendas, Banca e Exporta\\u00e7\\u00e3o para Contabilidade (Starter), \\u00e0 qual se pode acrescer a sec\\u00e7\\u00e3o de Compras (Starter Plus).\"},\"elements\":[],\"widgetType\":\"text-editor\"}],\"isInner\":false}],\"isInner\":false},{\"id\":\"48cb7e9\",\"elType\":\"section\",\"settings\":[],\"elements\":[{\"id\":\"d50d739\",\"elType\":\"column\",\"settings\":{\"_column_size\":100,\"_inline_size\":null},\"elements\":[{\"id\":\"03e7ad3\",\"elType\":\"widget\",\"settings\":{\"html\":\"<a class=\\\"btn btn-secondary btn-like-icon fadeInUp animated\\\" href=\\\"https:\\\/\\\/jcruzinf.com\\\/index.php\\\/contactos\\\/\\\"  >\\r\\n<h3>Jo\\u00e3o Cruz - Inform\\u00e1tica<\\\/h3>\\r\\n<span>Entre em contacto connosco<\\\/span>\\r\\n<span class=\\\"bticn\\\">\\r\\n<i class=\\\"fa fa-angle-right\\\"><\\\/i>\\r\\n<\\\/span><\\\/a>\\r\\n\\r\\n\\r\\n\"},\"elements\":[],\"widgetType\":\"html\"}],\"isInner\":false}],\"isInner\":false},{\"id\":\"22600ac\",\"elType\":\"section\",\"settings\":[],\"elements\":[{\"id\":\"88abc04\",\"elType\":\"column\",\"settings\":{\"_column_size\":100,\"_inline_size\":null},\"elements\":[{\"id\":\"895e2c4\",\"elType\":\"widget\",\"settings\":{\"html\":\"<a class=\\\"btn btn-secondary btn-like-icon fadeInUp animated\\\" href=\\\"https:\\\/\\\/jcruzinf.com\\\/index.php\\\/primavera\\\/\\\"><span>Voltar<\\\/span><span class=\\\"bticn\\\"><i class=\\\"fa fa-angle-right\\\"><\\\/i><\\\/span><\\\/a>\"},\"elements\":[],\"widgetType\":\"html\"}],\"isInner\":false}],\"isInner\":false}]","_elementor_edit_mode":"builder","_elementor_page_assets":[],"_elementor_template_type":"wp-page","_elementor_version":"3.3.1","_wp_page_template":"default","_yoast_wpseo_estimated-reading-time-minutes":"2","_elementor_css":{"time":1629111802,"fonts":[],"icons":[],"dynamic_elements_ids":[],"status":"file","0":""},"_elementor_page_settings":"","_elementor_controls_usage":{"image-box":{"count":1,"control_percent":2,"controls":{"content":{"section_image":{"image":1,"title_text":1,"description_text":1}},"style":{"section_style_image":{"image_size":1,"image_border_radius":1}}}},"text-editor":{"count":1,"control_percent":0,"controls":{"content":{"section_editor":{"editor":1}}}},"column":{"count":3,"control_percent":0,"controls":{"layout":{"layout":{"_inline_size":3}}}},"section":{"count":3,"control_percent":0,"controls":[]},"html":{"count":2,"control_percent":0,"controls":{"content":{"section_title":{"html":2}}}}},"_thumbnail_id":"502","_yoast_wpseo_content_score":"30","yoast_head":"<!-- This site is optimized with the Yoast SEO plugin v16.7 - https:\/\/yoast.com\/wordpress\/plugins\/seo\/ -->\n<title>PRIMAVERA Starter | Jo\u00e3o Cruz - Inform\u00e1tica<\/title>\n<meta name=\"robots\" content=\"index, follow, max-snippet:-1, max-image-preview:large, max-video-preview:-1\" \/>\n<link rel=\"canonical\" href=\"https:\/\/jcruzinf.com\/index.php\/primavera-starter\/\" \/>\n<meta property=\"og:locale\" content=\"pt_PT\" \/>\n<meta property=\"og:type\" content=\"article\" \/>\n<meta property=\"og:title\" content=\"PRIMAVERA Starter | Jo\u00e3o Cruz - Inform\u00e1tica\" \/>\n<meta property=\"og:description\" content=\"Starter SOFTWARE DE FATURA\u00c7\u00c3O R\u00c1PIDO E SIMPLES PARA PEQUENOS NEG\u00d3CIOS. Acelere as opera\u00e7\u00f5es comerciais e impulsione os resultados das vendas. Com a solu\u00e7\u00e3o PRIMAVERA Starter agiliza toda a atividade comercial, desde a entrada de artigos em armaz\u00e9m, passando pela gest\u00e3o de Caixa, controle de Contas Correntes, Invent\u00e1rio, at\u00e9 \u00e0 an\u00e1lise de resultados. D\u00ea o impulso [&hellip;]\" \/>\n<meta property=\"og:url\" content=\"https:\/\/jcruzinf.com\/index.php\/primavera-starter\/\" \/>\n<meta property=\"og:site_name\" content=\"Jo\u00e3o Cruz - Inform\u00e1tica\" \/>\n<meta property=\"article:publisher\" content=\"https:\/\/www.facebook.com\/jtcruz.vrl\/\" \/>\n<meta property=\"article:modified_time\" content=\"2021-08-16T10:49:23+00:00\" \/>\n<meta property=\"og:image\" content=\"https:\/\/jcruzinf.com\/wp-content\/uploads\/2021\/07\/Prim_logo_sarterv9_1072353680560d4aeb7315d.png\" \/>\n\t<meta property=\"og:image:width\" content=\"60\" \/>\n\t<meta property=\"og:image:height\" content=\"60\" \/>\n<meta name=\"twitter:card\" content=\"summary_large_image\" \/>\n<meta name=\"twitter:label1\" content=\"Tempo estimado de leitura\" \/>\n\t<meta name=\"twitter:data1\" content=\"2 minutos\" \/>\n<script type=\"application\/ld+json\" class=\"yoast-schema-graph\">{\"@context\":\"https:\/\/schema.org\",\"@graph\":[{\"@type\":\"Organization\",\"@id\":\"https:\/\/jcruzinf.com\/#organization\",\"name\":\"Jo\\u00e3o Cruz - Inform\\u00e1tica\",\"url\":\"https:\/\/jcruzinf.com\/\",\"sameAs\":[\"https:\/\/www.facebook.com\/jtcruz.vrl\/\",\"https:\/\/www.linkedin.com\/company\/joao-cruz-informatica\"],\"logo\":{\"@type\":\"ImageObject\",\"@id\":\"https:\/\/jcruzinf.com\/#logo\",\"inLanguage\":\"pt-PT\",\"url\":\"https:\/\/jcruzinf.com\/wp-content\/uploads\/2021\/07\/logo_jcruzinf_950x300_2021_trans.png\",\"contentUrl\":\"https:\/\/jcruzinf.com\/wp-content\/uploads\/2021\/07\/logo_jcruzinf_950x300_2021_trans.png\",\"width\":950,\"height\":300,\"caption\":\"Jo\\u00e3o Cruz - Inform\\u00e1tica\"},\"image\":{\"@id\":\"https:\/\/jcruzinf.com\/#logo\"}},{\"@type\":\"WebSite\",\"@id\":\"https:\/\/jcruzinf.com\/#website\",\"url\":\"https:\/\/jcruzinf.com\/\",\"name\":\"Jo\\u00e3o Cruz - Inform\\u00e1tica\",\"description\":\"\",\"publisher\":{\"@id\":\"https:\/\/jcruzinf.com\/#organization\"},\"potentialAction\":[{\"@type\":\"SearchAction\",\"target\":{\"@type\":\"EntryPoint\",\"urlTemplate\":\"https:\/\/jcruzinf.com\/?s={search_term_string}\"},\"query-input\":\"required name=search_term_string\"}],\"inLanguage\":\"pt-PT\"},{\"@type\":\"ImageObject\",\"@id\":\"https:\/\/jcruzinf.com\/index.php\/primavera-starter\/#primaryimage\",\"inLanguage\":\"pt-PT\",\"url\":\"https:\/\/jcruzinf.com\/wp-content\/uploads\/2021\/07\/Prim_logo_sarterv9_1072353680560d4aeb7315d.png\",\"contentUrl\":\"https:\/\/jcruzinf.com\/wp-content\/uploads\/2021\/07\/Prim_logo_sarterv9_1072353680560d4aeb7315d.png\",\"width\":60,\"height\":60,\"caption\":\"Logo Primavera Starter\"},{\"@type\":\"WebPage\",\"@id\":\"https:\/\/jcruzinf.com\/index.php\/primavera-starter\/#webpage\",\"url\":\"https:\/\/jcruzinf.com\/index.php\/primavera-starter\/\",\"name\":\"PRIMAVERA Starter | Jo\\u00e3o Cruz - Inform\\u00e1tica\",\"isPartOf\":{\"@id\":\"https:\/\/jcruzinf.com\/#website\"},\"primaryImageOfPage\":{\"@id\":\"https:\/\/jcruzinf.com\/index.php\/primavera-starter\/#primaryimage\"},\"datePublished\":\"2021-07-27T13:43:11+00:00\",\"dateModified\":\"2021-08-16T10:49:23+00:00\",\"breadcrumb\":{\"@id\":\"https:\/\/jcruzinf.com\/index.php\/primavera-starter\/#breadcrumb\"},\"inLanguage\":\"pt-PT\",\"potentialAction\":[{\"@type\":\"ReadAction\",\"target\":[\"https:\/\/jcruzinf.com\/index.php\/primavera-starter\/\"]}]},{\"@type\":\"BreadcrumbList\",\"@id\":\"https:\/\/jcruzinf.com\/index.php\/primavera-starter\/#breadcrumb\",\"itemListElement\":[{\"@type\":\"ListItem\",\"position\":1,\"name\":\"In\\u00edcio\",\"item\":\"https:\/\/jcruzinf.com\/\"},{\"@type\":\"ListItem\",\"position\":2,\"name\":\"PRIMAVERA Starter\"}]}]}<\/script>\n<!-- \/ Yoast SEO plugin. -->","yoast_head_json":{"title":"PRIMAVERA Starter | Jo\u00e3o Cruz - Inform\u00e1tica","robots":{"index":"index","follow":"follow","max-snippet":"max-snippet:-1","max-image-preview":"max-image-preview:large","max-video-preview":"max-video-preview:-1"},"canonical":"https:\/\/jcruzinf.com\/index.php\/primavera-starter\/","og_locale":"pt_PT","og_type":"article","og_title":"PRIMAVERA Starter | Jo\u00e3o Cruz - Inform\u00e1tica","og_description":"Starter SOFTWARE DE FATURA\u00c7\u00c3O R\u00c1PIDO E SIMPLES PARA PEQUENOS NEG\u00d3CIOS. Acelere as opera\u00e7\u00f5es comerciais e impulsione os resultados das vendas. Com a solu\u00e7\u00e3o PRIMAVERA Starter agiliza toda a atividade comercial, desde a entrada de artigos em armaz\u00e9m, passando pela gest\u00e3o de Caixa, controle de Contas Correntes, Invent\u00e1rio, at\u00e9 \u00e0 an\u00e1lise de resultados. D\u00ea o impulso [&hellip;]","og_url":"https:\/\/jcruzinf.com\/index.php\/primavera-starter\/","og_site_name":"Jo\u00e3o Cruz - Inform\u00e1tica","article_publisher":"https:\/\/www.facebook.com\/jtcruz.vrl\/","article_modified_time":"2021-08-16T10:49:23+00:00","og_image":[{"width":60,"height":60,"url":"https:\/\/jcruzinf.com\/wp-content\/uploads\/2021\/07\/Prim_logo_sarterv9_1072353680560d4aeb7315d.png","path":"\/home\/jcruzinf\/public_html\/wp-content\/uploads\/2021\/07\/Prim_logo_sarterv9_1072353680560d4aeb7315d.png","size":"full","id":502,"alt":"Logo Primavera Starter","pixels":3600,"type":"image\/png"}],"twitter_card":"summary_large_image","twitter_misc":{"Tempo estimado de leitura":"2 minutos"},"schema":{"@context":"https:\/\/schema.org","@graph":[{"@type":"Organization","@id":"https:\/\/jcruzinf.com\/#organization","name":"Jo\u00e3o Cruz - Inform\u00e1tica","url":"https:\/\/jcruzinf.com\/","sameAs":["https:\/\/www.facebook.com\/jtcruz.vrl\/","https:\/\/www.linkedin.com\/company\/joao-cruz-informatica"],"logo":{"@type":"ImageObject","@id":"https:\/\/jcruzinf.com\/#logo","inLanguage":"pt-PT","url":"https:\/\/jcruzinf.com\/wp-content\/uploads\/2021\/07\/logo_jcruzinf_950x300_2021_trans.png","contentUrl":"https:\/\/jcruzinf.com\/wp-content\/uploads\/2021\/07\/logo_jcruzinf_950x300_2021_trans.png","width":950,"height":300,"caption":"Jo\u00e3o Cruz - Inform\u00e1tica"},"image":{"@id":"https:\/\/jcruzinf.com\/#logo"}},{"@type":"WebSite","@id":"https:\/\/jcruzinf.com\/#website","url":"https:\/\/jcruzinf.com\/","name":"Jo\u00e3o Cruz - Inform\u00e1tica","description":"","publisher":{"@id":"https:\/\/jcruzinf.com\/#organization"},"potentialAction":[{"@type":"SearchAction","target":{"@type":"EntryPoint","urlTemplate":"https:\/\/jcruzinf.com\/?s={search_term_string}"},"query-input":"required name=search_term_string"}],"inLanguage":"pt-PT"},{"@type":"ImageObject","@id":"https:\/\/jcruzinf.com\/index.php\/primavera-starter\/#primaryimage","inLanguage":"pt-PT","url":"https:\/\/jcruzinf.com\/wp-content\/uploads\/2021\/07\/Prim_logo_sarterv9_1072353680560d4aeb7315d.png","contentUrl":"https:\/\/jcruzinf.com\/wp-content\/uploads\/2021\/07\/Prim_logo_sarterv9_1072353680560d4aeb7315d.png","width":60,"height":60,"caption":"Logo Primavera Starter"},{"@type":"WebPage","@id":"https:\/\/jcruzinf.com\/index.php\/primavera-starter\/#webpage","url":"https:\/\/jcruzinf.com\/index.php\/primavera-starter\/","name":"PRIMAVERA Starter | Jo\u00e3o Cruz - Inform\u00e1tica","isPartOf":{"@id":"https:\/\/jcruzinf.com\/#website"},"primaryImageOfPage":{"@id":"https:\/\/jcruzinf.com\/index.php\/primavera-starter\/#primaryimage"},"datePublished":"2021-07-27T13:43:11+00:00","dateModified":"2021-08-16T10:49:23+00:00","breadcrumb":{"@id":"https:\/\/jcruzinf.com\/index.php\/primavera-starter\/#breadcrumb"},"inLanguage":"pt-PT","potentialAction":[{"@type":"ReadAction","target":["https:\/\/jcruzinf.com\/index.php\/primavera-starter\/"]}]},{"@type":"BreadcrumbList","@id":"https:\/\/jcruzinf.com\/index.php\/primavera-starter\/#breadcrumb","itemListElement":[{"@type":"ListItem","position":1,"name":"In\u00edcio","item":"https:\/\/jcruzinf.com\/"},{"@type":"ListItem","position":2,"name":"PRIMAVERA Starter"}]}]}},"_links":{"self":[{"href":"https:\/\/jcruzinf.com\/index.php\/wp-json\/wp\/v2\/pages\/491"}],"collection":[{"href":"https:\/\/jcruzinf.com\/index.php\/wp-json\/wp\/v2\/pages"}],"about":[{"href":"https:\/\/jcruzinf.com\/index.php\/wp-json\/wp\/v2\/types\/page"}],"author":[{"embeddable":true,"href":"https:\/\/jcruzinf.com\/index.php\/wp-json\/wp\/v2\/users\/1"}],"replies":[{"embeddable":true,"href":"https:\/\/jcruzinf.com\/index.php\/wp-json\/wp\/v2\/comments?post=491"}],"version-history":[{"count":49,"href":"https:\/\/jcruzinf.com\/index.php\/wp-json\/wp\/v2\/pages\/491\/revisions"}],"predecessor-version":[{"id":1342,"href":"https:\/\/jcruzinf.com\/index.php\/wp-json\/wp\/v2\/pages\/491\/revisions\/1342"}],"wp:featuredmedia":[{"embeddable":true,"href":"https:\/\/jcruzinf.com\/index.php\/wp-json\/wp\/v2\/media\/502"}],"wp:attachment":[{"href":"https:\/\/jcruzinf.com\/index.php\/wp-json\/wp\/v2\/media?parent=491"}],"curies":[{"name":"wp","href":"https:\/\/api.w.org\/{rel}","templated":true}]}}